{"id":61,"date":"2021-05-10T15:51:47","date_gmt":"2021-05-10T13:51:47","guid":{"rendered":"http:\/\/amf-paris.asso.fr\/?page_id=61"},"modified":"2025-11-07T13:57:57","modified_gmt":"2025-11-07T12:57:57","slug":"la-halte-garderie","status":"publish","type":"page","link":"https:\/\/amf-paris.asso.fr\/index.php\/la-halte-garderie\/","title":{"rendered":"La Halte-Garderie"},"content":{"rendered":"<!--themify_builder_content-->\n<div id=\"themify_builder_content-61\" data-postid=\"61\" class=\"themify_builder_content themify_builder_content-61 themify_builder tf_clear\">\n                    <div  data-lazy=\"1\" class=\"module_row themify_builder_row tb_emxy36 tb_first tf_w\">\n                        <div class=\"row_inner col_align_top tb_col_count_1 tf_box tf_rel\">\n                        <div  data-lazy=\"1\" class=\"module_column tb-column col-full tb_ly9i37 first\">\n                    <!-- module image -->\n<div  class=\"module module-image tb_4b3y41 image-top   tf_mw\" data-lazy=\"1\">\n        <div class=\"image-wrap tf_rel tf_mw\">\n            <img loading=\"lazy\" decoding=\"async\" src=\"http:\/\/amf-paris.asso.fr\/wp-content\/uploads\/2021\/05\/2-300x225-1.jpg\" width=\"300\" height=\"225\" title=\"La Halte-Garderie\" alt=\"La Halte-Garderie\">    \n        <\/div>\n    <!-- \/image-wrap -->\n    \n        <\/div>\n<!-- \/module image -->        <\/div>\n                        <\/div>\n        <\/div>\n        <\/div>\n<!--\/themify_builder_content-->\n\n\n<p>En date du 13 septembre 2023, la Halte-Garderie Chomel est devenue Multi Accueil Chomel.<\/p>\n\n\n\n<p>Le Multi-Accueil \u00e0 but non lucratif de la rue Chomel, situ\u00e9 dans le 7<sup>i\u00e8me<\/sup> arrondissement de Paris est une des activit\u00e9s de la Fondation Henriette Viollet -Aide Aux Familles (HV-AAF) qui est reconnue d\u2019utilit\u00e9 publique et \u0153uvre depuis sa cr\u00e9ation en 1920 pour apporter aux familles des prestations de qualit\u00e9.<\/p>\n\n\n\n<p>La Fondation HV-AAF est depuis son origine anim\u00e9e par un certain nombre de valeurs&nbsp;:<\/p>\n\n\n\n<ul class=\"wp-block-list\">\n<li>Respect de l\u2019autre, de sa dignit\u00e9, de son histoire&nbsp;;<\/li>\n\n\n\n<li>Ecoute des besoins des familles aid\u00e9es et recherche d\u2019une aide adapt\u00e9e.<\/li>\n\n\n\n<li>Accueil des enfants depuis 1978<\/li>\n<\/ul>\n\n\n\n<p>Si les parents restent, bien \u00e9videmment, les premiers \u00e9ducateurs de leurs enfants, l\u2019accueil de la Petite Enfance permet aux familles de concilier vie familiale, vie professionnelle et vie sociale.<\/p>\n\n\n\n<p>Nous accueillons <strong>26 enfants<\/strong> de 3 mois \u00e0 3 ans r\u00e9volus dans un lieu familial, chaleureux et atypique. Les enfants sont r\u00e9partis sur 2 niveaux, les plus petits au rez-de-chauss\u00e9e, au nombre de 7, et les plus grands, au 1<sup>er<\/sup> \u00e9tage, au nombre de 19.<\/p>\n\n\n\n<p>A chaque \u00e9tage, il y a une \u00e9ducatrice de jeunes enfants, responsable de la section. Les deux \u00e9ducatrices collaborent avec des aides auxiliaires, des auxiliaires de pu\u00e9riculture et une psychomotricienne. L\u2019\u00e9quipe p\u00e9dagogique est compl\u00e9t\u00e9e par la pr\u00e9sence d\u2019une infirmi\u00e8re (une journ\u00e9e par semaine) et d\u2019un m\u00e9decin p\u00e9diatre, \u00e0 chaque fois que n\u00e9cessaire, et au minimum une matin\u00e9e tous les 2 mois en tant que R\u00e9f\u00e9rent Sant\u00e9 et Accueil Inclusif.<\/p>\n\n\n\n<p>La Fondation HV-AAF a fait le choix de la pluriprofessionnalit\u00e9 des formations en optant pour plus de 80% du personnel dipl\u00f4m\u00e9 (en petite enfance) et un adulte pour 6 enfants quel que soit son \u00e2ge.<\/p>\n\n\n\n<p>La l\u00e9gislation en vigueur sugg\u00e8re&nbsp;&nbsp; 40% de personnes dipl\u00f4m\u00e9es aupr\u00e8s des enfants et 60% de personnel qualifi\u00e9 ou exp\u00e9riment\u00e9. Cette \u00e9quipe, en contacts \u00e9troits avec les parents, assure la continuit\u00e9 \u00e9ducative avec ceux-ci, dans le respect du milieu familial et social de l\u2019enfant. La directrice, elle-m\u00eame titulaire d\u2019un dipl\u00f4me petite enfance, se tient \u00e0 la disposition des parents pour toute demande ou questionnement.<\/p>\n\n\n\n<p>Le multi-accueil est un mode d\u2019accueil temporaire o\u00f9 les enfants peuvent venir r\u00e9guli\u00e8rement ou occasionnellement. Il est propos\u00e9 aux parents un contrat d\u2019accueil et financier, pour tout accueil r\u00e9gulier, sur l\u2019ann\u00e9e solaire en fonction de leurs besoins et des disponibilit\u00e9s. Les enfants sont accueillis en journ\u00e9e ou en demi-journ\u00e9e avec ou sans repas de 2 \u00e0 5 fois par semaine.<\/p>\n\n\n\n<p>Le principal objectif du multi-accueil est de r\u00e9pondre aux besoins de chaque parent de faire garder son enfant dans un lieu s\u00e9curisant et bienveillant. IL permet aux enfants de se sociabiliser au contact d\u2019autres enfants.<\/p>\n\n\n\n<p>Le deuxi\u00e8me objectif de la Fondation H.V.-A.A.F. est que le multi-accueil soit un lieu d\u2019\u00e9veil et d\u2019apprentissage, d\u2019\u00e9changes et de rencontres. Le personnel, dipl\u00f4m\u00e9 et qualifi\u00e9, propose aux enfants en fonction de leur \u00e2ge, un ensemble d\u2019activit\u00e9s qui concourent \u00e0 leur d\u00e9veloppement physique et \u00e0 leur \u00e9veil. Les enfants peuvent jouer, participer aux diff\u00e9rentes activit\u00e9s propos\u00e9es dans les locaux ou \u00e0 l\u2019ext\u00e9rieur dans la cour ou le jardin.<\/p>\n\n\n\n<p><strong>Vous pouvez nous contacter soit par t\u00e9l\u00e9phone au 01.42.22.34.24,<\/strong><\/p>\n\n\n\n<p><strong>soit par mail \u00e0 <\/strong><a href=\"mailto:k.richard@amf-paris.asso.fr\"><strong>k.richard@amf-paris.asso.fr<\/strong><\/a><\/p>\n\n\n\n<p><\/p>","protected":false},"excerpt":{"rendered":"<p>En date du 13 septembre 2023, la Halte-Garderie Chomel est devenue Multi Accueil Chomel. Le Multi-Accueil \u00e0 but non lucratif de la rue Chomel, situ\u00e9 dans le 7i\u00e8me arrondissement de Paris est une des activit\u00e9s de la Fondation Henriette Viollet -Aide Aux Familles (HV-AAF) qui est reconnue d\u2019utilit\u00e9 publique et \u0153uvre depuis sa cr\u00e9ation en 1920 pour apporter aux familles &hellip; <\/p>\n","protected":false},"author":1,"featured_media":0,"parent":0,"menu_order":0,"comment_status":"closed","ping_status":"closed","template":"","meta":{"footnotes":""},"class_list":["post-61","page","type-page","status-publish","hentry"],"builder_content":"<img src=\"http:\/\/amf-paris.asso.fr\/wp-content\/uploads\/2021\/05\/2-300x225-1.jpg\" width=\"300\" height=\"225\" title=\"La Halte-Garderie\" alt=\"La Halte-Garderie\">","_links":{"self":[{"href":"https:\/\/amf-paris.asso.fr\/index.php\/wp-json\/wp\/v2\/pages\/61","targetHints":{"allow":["GET"]}}],"collection":[{"href":"https:\/\/amf-paris.asso.fr\/index.php\/wp-json\/wp\/v2\/pages"}],"about":[{"href":"https:\/\/amf-paris.asso.fr\/index.php\/wp-json\/wp\/v2\/types\/page"}],"author":[{"embeddable":true,"href":"https:\/\/amf-paris.asso.fr\/index.php\/wp-json\/wp\/v2\/users\/1"}],"replies":[{"embeddable":true,"href":"https:\/\/amf-paris.asso.fr\/index.php\/wp-json\/wp\/v2\/comments?post=61"}],"version-history":[{"count":13,"href":"https:\/\/amf-paris.asso.fr\/index.php\/wp-json\/wp\/v2\/pages\/61\/revisions"}],"predecessor-version":[{"id":391,"href":"https:\/\/amf-paris.asso.fr\/index.php\/wp-json\/wp\/v2\/pages\/61\/revisions\/391"}],"wp:attachment":[{"href":"https:\/\/amf-paris.asso.fr\/index.php\/wp-json\/wp\/v2\/media?parent=61"}],"curies":[{"name":"wp","href":"https:\/\/api.w.org\/{rel}","templated":true}]}}