{"id":42,"date":"2021-05-10T14:54:49","date_gmt":"2021-05-10T12:54:49","guid":{"rendered":"http:\/\/amf-paris.asso.fr\/?page_id=42"},"modified":"2022-06-24T15:43:47","modified_gmt":"2022-06-24T13:43:47","slug":"service-dintervention-sociale-a-domicile","status":"publish","type":"page","link":"https:\/\/amf-paris.asso.fr\/index.php\/service-dintervention-sociale-a-domicile\/","title":{"rendered":"Intervention sociale \u00e0 domicile"},"content":{"rendered":"<!--themify_builder_content-->\n<div id=\"themify_builder_content-42\" data-postid=\"42\" class=\"themify_builder_content themify_builder_content-42 themify_builder tf_clear\">\n    <\/div>\n<!--\/themify_builder_content-->\n\n\n<p><\/p>\n\n\n\n<p><\/p>\n\n\n\n<hr class=\"wp-block-separator has-css-opacity\"\/>\n\n\n\n<h2 class=\"has-vivid-green-cyan-color has-text-color wp-block-heading\">A consulter<\/h2>\n\n\n\n<ul class=\"is-style-arrow wp-block-list\"><li><a href=\"https:\/\/amf-paris.asso.fr\/wp-content\/uploads\/2021\/07\/De\u0301finition-BURN-OUT-parental.pdf\" class=\"ek-link\">D\u00e9finition du Burn Out parental<\/a><\/li><li><a href=\"https:\/\/amf-paris.asso.fr\/wp-content\/uploads\/2021\/07\/Plaquette-e\u0301puisement-des-parents-CAF.pdf\" class=\"ek-link\">Pr\u00e9vention de l&rsquo;\u00e9puisement des parents<\/a><\/li><li><a href=\"https:\/\/amf-paris.asso.fr\/wp-content\/uploads\/2021\/07\/Les-8-territoires-de-la-PMI.pdf\" class=\"ek-link\">Les 8 territoires de la PMI<\/a><\/li><li><a href=\"https:\/\/amf-paris.asso.fr\/wp-content\/uploads\/2021\/07\/Annexe-3-C-2021-003-SAAD-Familles-Bare\u0302me-des-participations-familiales.docx\" class=\"ek-link\">Bar\u00e8me de la participation familiale<\/a><\/li><\/ul>\n\n\n\n<p><\/p>","protected":false},"excerpt":{"rendered":"<p>A consulter D\u00e9finition du Burn Out parental Pr\u00e9vention de l&rsquo;\u00e9puisement des parents Les 8 territoires de la PMI Bar\u00e8me de la participation familiale<\/p>\n","protected":false},"author":1,"featured_media":0,"parent":0,"menu_order":0,"comment_status":"closed","ping_status":"closed","template":"","meta":{"footnotes":""},"class_list":["post-42","page","type-page","status-publish","hentry"],"builder_content":"","_links":{"self":[{"href":"https:\/\/amf-paris.asso.fr\/index.php\/wp-json\/wp\/v2\/pages\/42","targetHints":{"allow":["GET"]}}],"collection":[{"href":"https:\/\/amf-paris.asso.fr\/index.php\/wp-json\/wp\/v2\/pages"}],"about":[{"href":"https:\/\/amf-paris.asso.fr\/index.php\/wp-json\/wp\/v2\/types\/page"}],"author":[{"embeddable":true,"href":"https:\/\/amf-paris.asso.fr\/index.php\/wp-json\/wp\/v2\/users\/1"}],"replies":[{"embeddable":true,"href":"https:\/\/amf-paris.asso.fr\/index.php\/wp-json\/wp\/v2\/comments?post=42"}],"version-history":[{"count":34,"href":"https:\/\/amf-paris.asso.fr\/index.php\/wp-json\/wp\/v2\/pages\/42\/revisions"}],"predecessor-version":[{"id":295,"href":"https:\/\/amf-paris.asso.fr\/index.php\/wp-json\/wp\/v2\/pages\/42\/revisions\/295"}],"wp:attachment":[{"href":"https:\/\/amf-paris.asso.fr\/index.php\/wp-json\/wp\/v2\/media?parent=42"}],"curies":[{"name":"wp","href":"https:\/\/api.w.org\/{rel}","templated":true}]}}