{"id":414,"date":"2025-11-25T14:40:57","date_gmt":"2025-11-25T13:40:57","guid":{"rendered":"https:\/\/amf-paris.asso.fr\/index.php\/la-halte-garderie-copy\/"},"modified":"2025-11-25T15:50:35","modified_gmt":"2025-11-25T14:50:35","slug":"la-halte-garderie-2","status":"publish","type":"page","link":"https:\/\/amf-paris.asso.fr\/index.php\/la-halte-garderie-2\/","title":{"rendered":"Devenir parent, et si on en parlait ?"},"content":{"rendered":"<!-- wp:themify-builder\/canvas \/-->\n\n\n<h2 class=\"wp-block-heading\"><strong>Groupes d\u2019\u00e9changes entre parents \u2013 Fondation Henriette Viollet, Paris 7\u1d49<\/strong><\/h2>\n\n\n\n<p><br>\u00catre parent, c\u2019est une aventure unique, belle, parfois d\u00e9routante.<br>La Fondation Henriette Viollet, engag\u00e9e depuis plus de 100 ans dans le soutien aux familles, propose d\u00e9sormais un espace d\u2019\u00e9coute, d\u2019entraide et de partage pour les futurs parents et jeunes parents : le Groupe d\u2019\u00e9changes Parents.<\/p>\n\n\n<div class=\"wp-block-image\">\n<figure class=\"aligncenter size-large\"><img loading=\"lazy\" decoding=\"async\" width=\"1024\" height=\"407\" src=\"https:\/\/amf-paris.asso.fr\/wp-content\/uploads\/2025\/11\/Image1-1-1024x407.jpg\" alt=\"\" class=\"wp-image-422\" srcset=\"https:\/\/amf-paris.asso.fr\/wp-content\/uploads\/2025\/11\/Image1-1-1024x407.jpg 1024w, https:\/\/amf-paris.asso.fr\/wp-content\/uploads\/2025\/11\/Image1-1-300x119.jpg 300w, https:\/\/amf-paris.asso.fr\/wp-content\/uploads\/2025\/11\/Image1-1-768x306.jpg 768w, https:\/\/amf-paris.asso.fr\/wp-content\/uploads\/2025\/11\/Image1-1.jpg 1126w\" sizes=\"auto, (max-width: 1024px) 100vw, 1024px\" \/><\/figure>\n<\/div>\n\n\n<h2 class=\"wp-block-heading\"><strong>Un lieu pour se retrouver, partager et souffler<\/strong><\/h2>\n\n\n\n<p><\/p>\n\n\n\n<p>Devenir parent bouleverse la vie. Entre les nuits courtes, les doutes, les joies et les mille questions du quotidien, il est parfois difficile de tout porter seul.<br>Nos <strong>rencontres entre parents<\/strong> sont l\u00e0 pour offrir un <strong>temps de pause bienveillant<\/strong>, anim\u00e9 par une <strong>pu\u00e9ricultrice<\/strong>, o\u00f9 chacun peut :<\/p>\n\n\n\n<ul class=\"wp-block-list\">\n<li>partager son exp\u00e9rience et ses d\u00e9couvertes,<\/li>\n\n\n\n<li>poser ses questions sans jugement,<\/li>\n\n\n\n<li>rompre l\u2019isolement,<\/li>\n\n\n\n<li>se rassurer et reprendre confiance,<\/li>\n\n\n\n<li>rencontrer d\u2019autres parents du secteur et cr\u00e9er du lien.<\/li>\n<\/ul>\n\n\n\n<p>Ces moments sont ouverts aux <strong>parents et futurs parents<\/strong> du <strong>7\u1d49, 15\u1d49 et 16\u1d49 arrondissements de Paris<\/strong>, avec ou sans leur enfant.<\/p>\n\n\n<div class=\"wp-block-image\">\n<figure class=\"aligncenter size-large\"><img loading=\"lazy\" decoding=\"async\" width=\"1024\" height=\"322\" src=\"https:\/\/amf-paris.asso.fr\/wp-content\/uploads\/2025\/11\/Image2-1024x322.jpg\" alt=\"\" class=\"wp-image-425\" srcset=\"https:\/\/amf-paris.asso.fr\/wp-content\/uploads\/2025\/11\/Image2-1024x322.jpg 1024w, https:\/\/amf-paris.asso.fr\/wp-content\/uploads\/2025\/11\/Image2-300x94.jpg 300w, https:\/\/amf-paris.asso.fr\/wp-content\/uploads\/2025\/11\/Image2-768x241.jpg 768w, https:\/\/amf-paris.asso.fr\/wp-content\/uploads\/2025\/11\/Image2.jpg 1330w\" sizes=\"auto, (max-width: 1024px) 100vw, 1024px\" \/><\/figure>\n<\/div>\n\n\n<h2 class=\"wp-block-heading\"><strong>Pourquoi participer \u00e0 un groupe de pairs aidance en parentalit\u00e9 ?<\/strong><\/h2>\n\n\n\n<p><\/p>\n\n\n\n<p>Nos <strong>groupes de parole entre parents<\/strong> s\u2019appuient sur une conviction forte :<br>\ud83d\udc49 <strong>les parents sont les premiers experts de leur enfant<\/strong>.<\/p>\n\n\n\n<p>Les \u00e9changes entre pairs permettent de <strong>mutualiser les savoirs, les exp\u00e9riences et les comp\u00e9tences<\/strong>, dans une atmosph\u00e8re de <strong>respect, de confiance et de solidarit\u00e9<\/strong>.<br>Ce dispositif s\u2019inscrit dans la <strong>politique des 1000 premiers jours<\/strong>, pour accompagner les familles d\u00e8s la grossesse et tout au long des deux premi\u00e8res ann\u00e9es de l\u2019enfant&#8230;et plus si besoin&nbsp;!<\/p>\n\n\n\n<p><\/p>\n\n\n\n<h2 class=\"wp-block-heading\"><strong>Des th\u00e8mes vari\u00e9s autour de la parentalit\u00e9<\/strong><\/h2>\n\n\n\n<p><\/p>\n\n\n\n<p>Chaque semaine, un th\u00e8me peut \u00eatre abord\u00e9 selon les besoins du groupe :<\/p>\n\n\n\n<ul class=\"wp-block-list\">\n<li><strong>Pr\u00e9parer la naissance<\/strong> : mieux comprendre la grossesse, les options d\u2019accouchement et l\u2019arriv\u00e9e du b\u00e9b\u00e9.<\/li>\n\n\n\n<li><strong>Les premiers mois<\/strong> : allaitement, sommeil, alimentation, soins du nourrisson, rythme.<\/li>\n\n\n\n<li><strong>D\u00e9veloppement de l\u2019enfant<\/strong> : \u00e9tapes cl\u00e9s, \u00e9veil, besoins affectifs et physiques.<\/li>\n\n\n\n<li><strong>\u00c9quilibre familial<\/strong> : prendre soin de soi, du couple et de la fratrie, comprendre les dynamiques relationnelles \u00e9volutives \u00e0 l\u2019arriv\u00e9e d\u2019un b\u00e9b\u00e9.<\/li>\n\n\n\n<li><strong>Relations parents-enfants<\/strong> : trouver sa place, comprendre les \u00e9motions, accompagner la d\u00e9couverte du monde, cr\u00e9er un attachement s\u00e9curisant et garder confiance en soi.<\/li>\n<\/ul>\n\n\n<div class=\"wp-block-image\">\n<figure class=\"aligncenter size-large\"><img loading=\"lazy\" decoding=\"async\" width=\"1024\" height=\"277\" src=\"https:\/\/amf-paris.asso.fr\/wp-content\/uploads\/2025\/11\/Image-3-1024x277.jpg\" alt=\"\" class=\"wp-image-429\" srcset=\"https:\/\/amf-paris.asso.fr\/wp-content\/uploads\/2025\/11\/Image-3-1024x277.jpg 1024w, https:\/\/amf-paris.asso.fr\/wp-content\/uploads\/2025\/11\/Image-3-300x81.jpg 300w, https:\/\/amf-paris.asso.fr\/wp-content\/uploads\/2025\/11\/Image-3-768x208.jpg 768w, https:\/\/amf-paris.asso.fr\/wp-content\/uploads\/2025\/11\/Image-3.jpg 1270w\" sizes=\"auto, (max-width: 1024px) 100vw, 1024px\" \/><\/figure>\n<\/div>\n\n\n<p><strong>\ud83d\udd53 Modalit\u00e9s pratiques<\/strong><\/p>\n\n\n\n<p>\ud83d\udcc5 <strong>Tous les mardis<\/strong>, de <strong>14h \u00e0 16h<\/strong><br>(sauf pendant les vacances scolaires)<\/p>\n\n\n\n<p>\ud83d\udccd <strong>Fondation Henriette Viollet<\/strong><br>12 rue Chomel \u2013 75007 Paris<br>M\u00e9tro <strong>S\u00e8vres-Babylone<\/strong><\/p>\n\n\n\n<p>\ud83d\udc76 Participation gratuite<br>\ud83d\udc69\u200d\ud83c\udf7c Entr\u00e9e libre \u2013 avec ou sans votre enfant<\/p>\n\n\n\n<p><a href=\"https:\/\/amf-paris.asso.fr\/wp-content\/uploads\/2025\/11\/Depliant-Groupe-Parents-Fondation-HVAAF.pdf\" data-type=\"link\" data-id=\"https:\/\/amf-paris.asso.fr\/wp-content\/uploads\/2025\/11\/Depliant-Groupe-Parents-Fondation-HVAAF.pdf\">T\u00e9l\u00e9chargez notre flyer<\/a><\/p>\n\n\n\n<p>\ud83d\udcde <strong>01 45 48 46 00<\/strong><br>\u2709\ufe0f <a href=\"mailto:contact@amf-paris.asso.fr\"><strong>contact@amf-paris.asso.fr<\/strong><\/a><\/p>\n\n\n<div class=\"wp-block-image\">\n<figure class=\"aligncenter size-large\"><img loading=\"lazy\" decoding=\"async\" width=\"1024\" height=\"289\" src=\"https:\/\/amf-paris.asso.fr\/wp-content\/uploads\/2025\/11\/Image-4-1024x289.jpg\" alt=\"\" class=\"wp-image-430\" srcset=\"https:\/\/amf-paris.asso.fr\/wp-content\/uploads\/2025\/11\/Image-4-1024x289.jpg 1024w, https:\/\/amf-paris.asso.fr\/wp-content\/uploads\/2025\/11\/Image-4-300x85.jpg 300w, https:\/\/amf-paris.asso.fr\/wp-content\/uploads\/2025\/11\/Image-4-768x217.jpg 768w, https:\/\/amf-paris.asso.fr\/wp-content\/uploads\/2025\/11\/Image-4.jpg 1296w\" sizes=\"auto, (max-width: 1024px) 100vw, 1024px\" \/><\/figure>\n<\/div>\n\n\n<h2 class=\"wp-block-heading\"><strong>Un projet soutenu par la CAF de Paris<\/strong><\/h2>\n\n\n\n<p><\/p>\n\n\n\n<p>Ce projet est r\u00e9alis\u00e9 avec le <strong>soutien de la Caisse d\u2019Allocations Familiales de Paris<\/strong> dans le cadre du <strong>Fonds National de la Parentalit\u00e9<\/strong>.<br>Il vise \u00e0 <strong>pr\u00e9venir l\u2019isolement parental<\/strong>, <strong>renforcer la confiance<\/strong> et <strong>favoriser le bien-\u00eatre des familles<\/strong> gr\u00e2ce \u00e0 des \u00e9changes r\u00e9guliers entre parents, anim\u00e9 par un professionnel de la petite enfance.<\/p>\n\n\n<div class=\"wp-block-image\">\n<figure class=\"aligncenter size-full\"><img loading=\"lazy\" decoding=\"async\" width=\"822\" height=\"440\" src=\"https:\/\/amf-paris.asso.fr\/wp-content\/uploads\/2025\/11\/les-logos-fond-et-caf.jpg\" alt=\"\" class=\"wp-image-442\" srcset=\"https:\/\/amf-paris.asso.fr\/wp-content\/uploads\/2025\/11\/les-logos-fond-et-caf.jpg 822w, https:\/\/amf-paris.asso.fr\/wp-content\/uploads\/2025\/11\/les-logos-fond-et-caf-300x161.jpg 300w, https:\/\/amf-paris.asso.fr\/wp-content\/uploads\/2025\/11\/les-logos-fond-et-caf-768x411.jpg 768w\" sizes=\"auto, (max-width: 822px) 100vw, 822px\" \/><\/figure>\n<\/div>\n\n\n<p><\/p>\n\n\n\n<h2 class=\"wp-block-heading\"><strong>La Fondation Henriette Viollet, un si\u00e8cle d\u2019engagement pour les familles<\/strong><\/h2>\n\n\n\n<p><\/p>\n\n\n\n<p><\/p>\n\n\n\n<p>Cr\u00e9\u00e9e en <strong>1920<\/strong>, reconnue d\u2019utilit\u00e9 publique depuis <strong>1928<\/strong>, la <strong>Fondation Henriette Viollet<\/strong> d\u00e9fend l\u2019id\u00e9e que <strong>la famille joue un r\u00f4le essentiel dans le d\u00e9veloppement de l\u2019enfant<\/strong>.<br>\u00c0 travers ses diff\u00e9rents services \u2014 accueil petite enfance, aide \u00e0 domicile, accompagnement familial \u2014 et maintenant ce projet, la Fondation poursuit sa mission :<\/p>\n\n\n\n<p><strong>\u00catre aux c\u00f4t\u00e9s des familles, \u00e0 chaque \u00e9tape de la vie.<\/strong><\/p>\n\n\n\n<p>\/<\/p>\n","protected":false},"excerpt":{"rendered":"<p>Groupes d\u2019\u00e9changes entre parents \u2013 Fondation Henriette Viollet, Paris 7\u1d49 \u00catre parent, c\u2019est une aventure unique, belle, parfois d\u00e9routante.La Fondation Henriette Viollet, engag\u00e9e depuis plus de 100 ans dans le soutien aux familles, propose d\u00e9sormais un espace d\u2019\u00e9coute, d\u2019entraide et de partage pour les futurs parents et jeunes parents : le Groupe d\u2019\u00e9changes Parents. Un lieu pour se retrouver, partager &hellip; <\/p>\n","protected":false},"author":1,"featured_media":0,"parent":0,"menu_order":0,"comment_status":"closed","ping_status":"closed","template":"","meta":{"footnotes":""},"class_list":["post-414","page","type-page","status-publish","hentry"],"builder_content":"","_links":{"self":[{"href":"https:\/\/amf-paris.asso.fr\/index.php\/wp-json\/wp\/v2\/pages\/414","targetHints":{"allow":["GET"]}}],"collection":[{"href":"https:\/\/amf-paris.asso.fr\/index.php\/wp-json\/wp\/v2\/pages"}],"about":[{"href":"https:\/\/amf-paris.asso.fr\/index.php\/wp-json\/wp\/v2\/types\/page"}],"author":[{"embeddable":true,"href":"https:\/\/amf-paris.asso.fr\/index.php\/wp-json\/wp\/v2\/users\/1"}],"replies":[{"embeddable":true,"href":"https:\/\/amf-paris.asso.fr\/index.php\/wp-json\/wp\/v2\/comments?post=414"}],"version-history":[{"count":33,"href":"https:\/\/amf-paris.asso.fr\/index.php\/wp-json\/wp\/v2\/pages\/414\/revisions"}],"predecessor-version":[{"id":478,"href":"https:\/\/amf-paris.asso.fr\/index.php\/wp-json\/wp\/v2\/pages\/414\/revisions\/478"}],"wp:attachment":[{"href":"https:\/\/amf-paris.asso.fr\/index.php\/wp-json\/wp\/v2\/media?parent=414"}],"curies":[{"name":"wp","href":"https:\/\/api.w.org\/{rel}","templated":true}]}}