{"id":302,"date":"2022-06-24T16:48:27","date_gmt":"2022-06-24T14:48:27","guid":{"rendered":"https:\/\/amf-paris.asso.fr\/?page_id=302"},"modified":"2022-06-24T17:01:11","modified_gmt":"2022-06-24T15:01:11","slug":"nos-metiers","status":"publish","type":"page","link":"https:\/\/amf-paris.asso.fr\/index.php\/nos-metiers\/","title":{"rendered":"Nos m\u00e9tiers"},"content":{"rendered":"<p class=\"has-vivid-red-color has-text-color\">La coordination :&nbsp;<\/p>\n\n\n\n<p class=\"has-text-align-justify\"><strong>L&rsquo;\u00e9quipe de coordination est compos\u00e9e d&rsquo;une coordinatrice de secteur et d&rsquo;une assistante coordination<\/strong> :<\/p>\n\n\n\n<p class=\"has-text-align-justify\">Educatrice Sp\u00e9cialis\u00e9e dipl\u00f4m\u00e9e d\u2019Etat, la <strong>coordinatrice de secteur <\/strong>poss\u00e8de une bonne connaissance des dispositifs sanitaires et sociaux, pilote les actions et s\u2019assure de leur qualit\u00e9.<\/p>\n\n\n\n<p class=\"has-text-align-justify\">Elle \u00e9value le besoin des familles, d\u00e9finit avec elles les objectifs d\u2019intervention et assure le suivi de leur dossier.<\/p>\n\n\n\n<p class=\"has-text-align-justify\">Elle est la garante des projets sociaux et s\u2019assure de la bientraitance des enfants. Elle participe aussi \u00e0 la gestion des ressources humaines et \u00e0 la gestion administrative mais aussi au projet interne de la Fondation et travaille en r\u00e9seau.<\/p>\n\n\n\n<p class=\"has-text-align-justify\"><strong>L&rsquo;assistante de coordination<\/strong> soutient l\u2019organisation des interventions \u00e0 domicile en ayant un contact r\u00e9gulier avec les familles et les partenaires, en g\u00e9rant le planning des professionnelles en lien avec la coordinatrice, et en assurant la gestion administrative des dossiers et des prises en charge.<\/p>\n\n\n\n<p class=\"has-text-align-justify\">En fonction des demandes qu&rsquo;elle re\u00e7oit, l&rsquo;\u00e9quipe de coordination va programmer des interventions avec deux types de professionnels diff\u00e9rents : <\/p>\n\n\n\n<p class=\"has-vivid-red-color has-text-color\">Les Techniciens d&rsquo;Intervention Sociale et Familiale (TISF) : <\/p>\n\n\n\n<p class=\"has-text-align-justify\">Dipl\u00f4m\u00e9s d&rsquo;\u00e9tat, ou d&rsquo;un dipl\u00f4me du secteur social attestant des comp\u00e9tences requises pour ce poste, les TISF font partis des travailleurs sociaux pr\u00e9sents dans l&rsquo;accompagnement quotidien des familles.<\/p>\n\n\n\n<p class=\"has-text-align-justify\">Ils soutiennent dans les actes de la vie quotidienne, en suppl\u00e9ance si la situation le n\u00e9cessite ou dans l&rsquo;objectif d&rsquo;une transmission des savoirs et des techniques n\u00e9cessaires \u00e0 l&rsquo;autonomie des personnes dans leur vie quotidienne, les parents sur : les soins et hygi\u00e8ne des enfants, les sorties et loisirs des enfants, le maintien et l&rsquo;am\u00e9lioration de l\u2019organisation du quotidien, la pr\u00e9paration des repas, l&rsquo;entretien du linge, l&rsquo;hygi\u00e8ne domestique, le respect des horaires et des r\u00e8gles de vie, la gestion financi\u00e8re et administrative.<\/p>\n\n\n\n<p class=\"has-text-align-justify\">Les TISF vont aussi soutenir les familles dans l&rsquo;exercice de leur fonction parentale en valorisant leurs capacit\u00e9s et en donnant ou redonnant des rep\u00e8res \u00e9l\u00e9mentaires dans les diff\u00e9rents domaines : sant\u00e9, \u00e9ducation, scolarisation, socialisation, hygi\u00e8ne, rythme&#8230;<\/p>\n\n\n\n<p class=\"has-text-align-justify\">Ils ont aussi une mission d&rsquo;insertion sociale en aidant les familles \u00e0 s&rsquo;inscrire dans leur environnement. Ils les accompagnent vers l&rsquo;ext\u00e9rieur, vers des structures\/dispositifs adapt\u00e9s en fonction de leurs difficult\u00e9s et les encouragent \u00e0 participer \u00e0 des actions collectives, de rencontre.<\/p>\n\n\n\n<p class=\"has-text-align-justify\">L\u2019intervention \u00e0 domicile contribue \u00e0 la pr\u00e9vention et \u00e0 l\u2019identification des situations \u00e0 risque \u00e9ventuelles auxquelles pourrait \u00eatre expos\u00e9 l\u2019enfant, tout particuli\u00e8rement lors de la d\u00e9gradation des conditions mat\u00e9rielles de vie, des situations de conflit, ou de la d\u00e9t\u00e9rioration des liens parent-enfant. En lien avec le travailleur social r\u00e9f\u00e9rent, l\u2019intervention \u00e0 domicile peut \u00e9galement contribuer \u00e0 favoriser la r\u00e9ussite d\u2019une visite d\u2019un enfant plac\u00e9 ou d\u2019un retour \u00e0 son domicile familial.<\/p>\n\n\n\n<p><\/p>\n\n\n\n<p class=\"has-vivid-red-color has-text-color\">Les Auxiliaires de Vie Sociale (AVS ):<\/p>\n\n\n\n<p class=\"has-text-align-justify\">Les AVS apportent aux familles ayant une impossibilit\u00e9 temporaire (grossesse pathologique, fin de grossesse, maladie courte ou longue dur\u00e9e), limitant la personne physiquement, un soutien dans la r\u00e9alisation des t\u00e2ches de la vie quotidienne. Ils soutiennent aussi dans l&rsquo;am\u00e9nagement de l&rsquo;espace de vie dans un but de confort et de s\u00e9curit\u00e9. Leur pr\u00e9sence permet de stimuler les relations sociales, de les maintenir et d&rsquo;accompagner les personnes vers l&rsquo;ext\u00e9rieur \u00e0 l&rsquo;occasion de d\u00e9marches ou de rendez-vous.<\/p>\n\n\n\n<p><\/p>\n\n\n\n<div class=\"wp-block-columns is-layout-flex wp-container-core-columns-is-layout-9d6595d7 wp-block-columns-is-layout-flex\">\n<div class=\"wp-block-column is-layout-flow wp-block-column-is-layout-flow\" style=\"flex-basis:100%\"><\/div>\n<\/div>\n\n<!--themify_builder_content-->\n<div id=\"themify_builder_content-302\" data-postid=\"302\" class=\"themify_builder_content themify_builder_content-302 themify_builder tf_clear\">\n    <\/div>\n<!--\/themify_builder_content-->","protected":false},"excerpt":{"rendered":"<p>La coordination :&nbsp; L&rsquo;\u00e9quipe de coordination est compos\u00e9e d&rsquo;une coordinatrice de secteur et d&rsquo;une assistante coordination : Educatrice Sp\u00e9cialis\u00e9e dipl\u00f4m\u00e9e d\u2019Etat, la coordinatrice de secteur poss\u00e8de une bonne connaissance des dispositifs sanitaires et sociaux, pilote les actions et s\u2019assure de leur qualit\u00e9. Elle \u00e9value le besoin des familles, d\u00e9finit avec elles les objectifs d\u2019intervention et assure le suivi de leur &hellip; <\/p>\n","protected":false},"author":1,"featured_media":0,"parent":0,"menu_order":0,"comment_status":"closed","ping_status":"closed","template":"","meta":{"footnotes":""},"class_list":["post-302","page","type-page","status-publish","hentry"],"builder_content":"","_links":{"self":[{"href":"https:\/\/amf-paris.asso.fr\/index.php\/wp-json\/wp\/v2\/pages\/302","targetHints":{"allow":["GET"]}}],"collection":[{"href":"https:\/\/amf-paris.asso.fr\/index.php\/wp-json\/wp\/v2\/pages"}],"about":[{"href":"https:\/\/amf-paris.asso.fr\/index.php\/wp-json\/wp\/v2\/types\/page"}],"author":[{"embeddable":true,"href":"https:\/\/amf-paris.asso.fr\/index.php\/wp-json\/wp\/v2\/users\/1"}],"replies":[{"embeddable":true,"href":"https:\/\/amf-paris.asso.fr\/index.php\/wp-json\/wp\/v2\/comments?post=302"}],"version-history":[{"count":22,"href":"https:\/\/amf-paris.asso.fr\/index.php\/wp-json\/wp\/v2\/pages\/302\/revisions"}],"predecessor-version":[{"id":341,"href":"https:\/\/amf-paris.asso.fr\/index.php\/wp-json\/wp\/v2\/pages\/302\/revisions\/341"}],"wp:attachment":[{"href":"https:\/\/amf-paris.asso.fr\/index.php\/wp-json\/wp\/v2\/media?parent=302"}],"curies":[{"name":"wp","href":"https:\/\/api.w.org\/{rel}","templated":true}]}}