{"id":288,"date":"2022-06-24T15:42:58","date_gmt":"2022-06-24T13:42:58","guid":{"rendered":"https:\/\/amf-paris.asso.fr\/?page_id=288"},"modified":"2022-11-17T08:43:33","modified_gmt":"2022-11-17T07:43:33","slug":"presentation","status":"publish","type":"page","link":"https:\/\/amf-paris.asso.fr\/index.php\/presentation\/","title":{"rendered":"Pr\u00e9sentation"},"content":{"rendered":"<p><\/p>\n\n\n\n<p class=\"has-vivid-red-color has-text-color\"><strong>DANS QUELLE SITUATION ?<\/strong><\/p>\n\n\n\n<p class=\"has-text-align-justify\">Quand le quotidien devient difficile, lorsqu\u2019on \u00e9v\u00e9nement vient perturber de mani\u00e8re durable et profonde l\u2019\u00e9quilibre de la famille, vous pouvez \u00eatre aid\u00e9 \u00e0 domicile pour les \u00e9v\u00e9nements suivants par une intervenante du service de la fondation Henriette Viollet (AAF)<\/p>\n\n\n\n<p class=\"has-text-align-justify\">L\u2019indisponibilit\u00e9 parentale, qu\u2019elle ait un caract\u00e8re organisationnel ou \u00e9ducatif est la base de toute prise en charge.<\/p>\n\n\n\n<p>Cette indisponibilit\u00e9 doit \u00eatre&nbsp;<strong>temporaire&nbsp;<\/strong>et&nbsp;<strong>r\u00e9cente<\/strong>&nbsp;et avoir des r\u00e9percussions sur le ou les enfants.<\/p>\n\n\n\n<p class=\"has-text-align-justify\">Depuis l\u2019entr\u00e9e en vigueur de la nouvelle circulaire n\u00b02021-003 du 03\/03\/2021, les \u00e9v\u00e9nements d\u00e9clencheurs d\u2019une intervention \u00e0 domicile au titre de la CAF sont d\u00e9sormais regroup\u00e9s sous quatre th\u00e9matiques :<\/p>\n\n\n\n<p class=\"has-text-align-justify\"><strong>La p\u00e9rinatalit\u00e9<\/strong>, c\u2019est-\u00e0-dire la p\u00e9riode de la grossesse jusqu\u2019au deux ans de l\u2019enfant, en conformit\u00e9 avec les recommandations du rapport sur les \u00ab&nbsp;1000 premiers jours&nbsp;\u00bb, qui regroupe trois motifs :<\/p>\n\n\n\n<ul class=\"wp-block-list\">\n<li>Grossesse<\/li>\n\n\n\n<li>Naissance<\/li>\n\n\n\n<li>Adoption<\/li>\n<\/ul>\n\n\n\n<p class=\"has-text-align-justify\"><strong>La dynamique familiale<\/strong> qui concerne l\u2019ensemble des \u00e9v\u00e9nements ou accidents de la vie n\u00e9cessitant une nouvelle organisation familiale&nbsp;:<\/p>\n\n\n\n<ul class=\"wp-block-list\">\n<li>Famille nombreuse<\/li>\n\n\n\n<li>Recomposition familiale<\/li>\n\n\n\n<li>Etat de sant\u00e9 d&rsquo;un enfant ou d&rsquo;un parent<\/li>\n\n\n\n<li>D\u00e9m\u00e9nagement \/ Emm\u00e9nagement<\/li>\n\n\n\n<li>Entr\u00e9e \u00e0 l&rsquo;\u00e9cole maternelle \/ primaire \/ coll\u00e8ge <\/li>\n<\/ul>\n\n\n\n<p><strong>La rupture familiale<\/strong>&nbsp;:<\/p>\n\n\n\n<ul class=\"wp-block-list\">\n<li>S\u00e9paration<\/li>\n\n\n\n<li>Incarc\u00e9ration d&rsquo;un parent<\/li>\n\n\n\n<li>D\u00e9c\u00e8s d&rsquo;un enfant ou d&rsquo;un parent, ou proche parent \u0153uvrant habituellement \u00e0 la stabilit\u00e9 de l&rsquo;\u00e9quilibre familial<\/li>\n<\/ul>\n\n\n\n<p><strong>L\u2019inclusion<\/strong>&nbsp;:<\/p>\n\n\n\n<ul class=\"wp-block-list\">\n<li>Socio-professionnelle d&rsquo;un mono-parent<\/li>\n\n\n\n<li>D&rsquo;un enfant porteur d&rsquo;un handicap dans son environnement <\/li>\n<\/ul>\n\n\n\n<p class=\"has-text-align-justify\">Les intervenants Techniciens de l\u2019Intervention Sociale et Familiale (TISF) et Auxiliaires de Vie Sociale (AVS) sont salari\u00e9s de l\u2019AMF.<\/p>\n\n\n\n<p><\/p>\n\n\n\n<p class=\"has-vivid-red-color has-white-background-color has-text-color has-background\"><strong>LES HORAIRES D\u2019INTERVENTION<\/strong><\/p>\n\n\n\n<p><strong>du lundi au vendredi de 8h30 \u00e0 12h30 et de 13h45 \u00e0 17h15<\/strong><\/p>\n\n\n\n<p class=\"has-text-align-justify\">Les interventions se font g\u00e9n\u00e9ralement en demi-journ\u00e9e, elles durent en r\u00e8gle g\u00e9n\u00e9rale 4h00 pour les matin\u00e9es et 3h30 pour les apr\u00e8s-midi. Tout changement doit \u00eatre \u00e9chang\u00e9 et \u00e9valu\u00e9 avec le service.<\/p>\n\n\n\n<p class=\"has-text-align-justify\">Des interventions en journ\u00e9e peuvent \u00eatre possibles, en cas de besoin et sur \u00e9valuation du service. Si l\u2019intervention dure une journ\u00e9e : un temps de pause d\u00e9jeuner de 45 mn \u00e0 l\u2019ext\u00e9rieur est pr\u00e9vu entre 12h00 et 14h00 (sauf absence du ou des parents).<\/p>\n\n<!--themify_builder_content-->\n<div id=\"themify_builder_content-288\" data-postid=\"288\" class=\"themify_builder_content themify_builder_content-288 themify_builder tf_clear\">\n    <\/div>\n<!--\/themify_builder_content-->","protected":false},"excerpt":{"rendered":"<p>DANS QUELLE SITUATION ? Quand le quotidien devient difficile, lorsqu\u2019on \u00e9v\u00e9nement vient perturber de mani\u00e8re durable et profonde l\u2019\u00e9quilibre de la famille, vous pouvez \u00eatre aid\u00e9 \u00e0 domicile pour les \u00e9v\u00e9nements suivants par une intervenante du service de la fondation Henriette Viollet (AAF) L\u2019indisponibilit\u00e9 parentale, qu\u2019elle ait un caract\u00e8re organisationnel ou \u00e9ducatif est la base de toute prise en charge. &hellip; <\/p>\n","protected":false},"author":1,"featured_media":0,"parent":0,"menu_order":0,"comment_status":"closed","ping_status":"closed","template":"","meta":{"footnotes":""},"class_list":["post-288","page","type-page","status-publish","hentry"],"builder_content":"","_links":{"self":[{"href":"https:\/\/amf-paris.asso.fr\/index.php\/wp-json\/wp\/v2\/pages\/288","targetHints":{"allow":["GET"]}}],"collection":[{"href":"https:\/\/amf-paris.asso.fr\/index.php\/wp-json\/wp\/v2\/pages"}],"about":[{"href":"https:\/\/amf-paris.asso.fr\/index.php\/wp-json\/wp\/v2\/types\/page"}],"author":[{"embeddable":true,"href":"https:\/\/amf-paris.asso.fr\/index.php\/wp-json\/wp\/v2\/users\/1"}],"replies":[{"embeddable":true,"href":"https:\/\/amf-paris.asso.fr\/index.php\/wp-json\/wp\/v2\/comments?post=288"}],"version-history":[{"count":12,"href":"https:\/\/amf-paris.asso.fr\/index.php\/wp-json\/wp\/v2\/pages\/288\/revisions"}],"predecessor-version":[{"id":365,"href":"https:\/\/amf-paris.asso.fr\/index.php\/wp-json\/wp\/v2\/pages\/288\/revisions\/365"}],"wp:attachment":[{"href":"https:\/\/amf-paris.asso.fr\/index.php\/wp-json\/wp\/v2\/media?parent=288"}],"curies":[{"name":"wp","href":"https:\/\/api.w.org\/{rel}","templated":true}]}}