{"id":2,"date":"2021-05-06T14:38:16","date_gmt":"2021-05-06T12:38:16","guid":{"rendered":"http:\/\/amf-paris.asso.fr\/?page_id=2"},"modified":"2025-12-08T09:44:13","modified_gmt":"2025-12-08T08:44:13","slug":"page-d-exemple","status":"publish","type":"page","link":"https:\/\/amf-paris.asso.fr\/","title":{"rendered":"La Fondation"},"content":{"rendered":"\n<p>Reconnue d&rsquo;utilit\u00e9 publique<\/p>\n\n\n\n<p><strong>D<\/strong>epuis plus de 100 ans, l\u2019Association Aides aux M\u00e8res de Famille, devenue en 2019 Fondation Henriette Viollet &#8211; Aide aux Familles, toujours de Reconnaissance d\u2019Utilit\u00e9 Publique (RUP), accompagne les familles, parents et enfants au quotidien.<\/p>\n\n\n\n<p><strong>L<\/strong>e Service d\u2019Aide \u00e0 Domicile Familles accompagne les familles en intervenant \u00e0 domicile lorsqu\u2019un \u00e9v\u00e8nement vient perturber de mani\u00e8re temporaire ou durable et profonde l\u2019\u00e9quilibre de la famille.<\/p>\n\n\n\n<p>Soutenir les parents dans leur fonction parentale, aider les familles fragilis\u00e9es par la maladie, le handicap, la s\u00e9paration, favoriser l\u2019insertion sociale, telles sont les missions de ce Service.<\/p>\n\n\n\n<p><strong>L<\/strong>a Fondation HV AAF s\u2019est aussi une cr\u00e8che Multi Accueil, de 26 berceaux qui accueille des enfants de 3 mois \u00e0 3 ans dans ses locaux au 12 rue Chomel.<\/p>\n\n\n\n<p><strong>E<\/strong>nfin, une proposition d\u2019\u00e9changes au sein d\u2019un Groupe de futurs parents et parents du territoire du 7\/15\/16 \u00e8me arrondissements de Paris compl\u00e8te la proposition d\u2019actions.&nbsp;<em>\u00ab Devenir parent, et si on n\u2019en parlait&nbsp;?&nbsp;<\/em>\u00bb se veut \u00eatre un espace d\u2019\u00e9coute, d\u2019entraide et de partage dans un climat de confiance et de bienveillance.<\/p>\n\n\n\n<p><strong>L<\/strong>\u2019int\u00e9r\u00eat sup\u00e9rieur de l\u2019enfant, par l\u2019Article 3 de la Convention relative aux Droits de l\u2019Enfant sous tend toutes les actions entreprises.<\/p>\n\n\n\n<figure class=\"wp-block-image size-large\"><img loading=\"lazy\" decoding=\"async\" width=\"1024\" height=\"138\" src=\"https:\/\/amf-paris.asso.fr\/wp-content\/uploads\/2025\/12\/image-1024x138.png\" alt=\"\" class=\"wp-image-491\" srcset=\"https:\/\/amf-paris.asso.fr\/wp-content\/uploads\/2025\/12\/image-1024x138.png 1024w, https:\/\/amf-paris.asso.fr\/wp-content\/uploads\/2025\/12\/image-300x40.png 300w, https:\/\/amf-paris.asso.fr\/wp-content\/uploads\/2025\/12\/image-768x103.png 768w, https:\/\/amf-paris.asso.fr\/wp-content\/uploads\/2025\/12\/image-1536x207.png 1536w, https:\/\/amf-paris.asso.fr\/wp-content\/uploads\/2025\/12\/image.png 1818w\" sizes=\"auto, (max-width: 1024px) 100vw, 1024px\" \/><\/figure>\n\n\n\n<p><\/p>\n\n\n<!-- wp:themify-builder\/canvas \/-->","protected":false},"excerpt":{"rendered":"<p>Reconnue d&rsquo;utilit\u00e9 publique Depuis plus de 100 ans, l\u2019Association Aides aux M\u00e8res de Famille, devenue en 2019 Fondation Henriette Viollet &#8211; Aide aux Familles, toujours de Reconnaissance d\u2019Utilit\u00e9 Publique (RUP), accompagne les familles, parents et enfants au quotidien. Le Service d\u2019Aide \u00e0 Domicile Familles accompagne les familles en intervenant \u00e0 domicile lorsqu\u2019un \u00e9v\u00e8nement vient perturber de mani\u00e8re temporaire ou durable &hellip; <\/p>\n","protected":false},"author":1,"featured_media":0,"parent":0,"menu_order":0,"comment_status":"closed","ping_status":"open","template":"","meta":{"footnotes":""},"class_list":["post-2","page","type-page","status-publish","hentry"],"builder_content":"","_links":{"self":[{"href":"https:\/\/amf-paris.asso.fr\/index.php\/wp-json\/wp\/v2\/pages\/2","targetHints":{"allow":["GET"]}}],"collection":[{"href":"https:\/\/amf-paris.asso.fr\/index.php\/wp-json\/wp\/v2\/pages"}],"about":[{"href":"https:\/\/amf-paris.asso.fr\/index.php\/wp-json\/wp\/v2\/types\/page"}],"author":[{"embeddable":true,"href":"https:\/\/amf-paris.asso.fr\/index.php\/wp-json\/wp\/v2\/users\/1"}],"replies":[{"embeddable":true,"href":"https:\/\/amf-paris.asso.fr\/index.php\/wp-json\/wp\/v2\/comments?post=2"}],"version-history":[{"count":92,"href":"https:\/\/amf-paris.asso.fr\/index.php\/wp-json\/wp\/v2\/pages\/2\/revisions"}],"predecessor-version":[{"id":493,"href":"https:\/\/amf-paris.asso.fr\/index.php\/wp-json\/wp\/v2\/pages\/2\/revisions\/493"}],"wp:attachment":[{"href":"https:\/\/amf-paris.asso.fr\/index.php\/wp-json\/wp\/v2\/media?parent=2"}],"curies":[{"name":"wp","href":"https:\/\/api.w.org\/{rel}","templated":true}]}}