{"id":137,"date":"2022-06-17T17:08:49","date_gmt":"2022-06-17T15:08:49","guid":{"rendered":"https:\/\/amf-paris.asso.fr\/?page_id=137"},"modified":"2022-07-06T13:56:40","modified_gmt":"2022-07-06T11:56:40","slug":"historique","status":"publish","type":"page","link":"https:\/\/amf-paris.asso.fr\/index.php\/historique\/","title":{"rendered":"Historique"},"content":{"rendered":"<!--themify_builder_content-->\n<div id=\"themify_builder_content-137\" data-postid=\"137\" class=\"themify_builder_content themify_builder_content-137 themify_builder tf_clear\">\n    <\/div>\n<!--\/themify_builder_content-->\n\n\n<figure class=\"wp-block-image size-large\"><img loading=\"lazy\" decoding=\"async\" width=\"141\" height=\"218\" src=\"https:\/\/amf-paris.asso.fr\/wp-content\/uploads\/2021\/05\/Henriette-Viollet-1.jpeg\" alt=\"\" class=\"wp-image-120\" srcset=\"https:\/\/amf-paris.asso.fr\/wp-content\/uploads\/2021\/05\/Henriette-Viollet-1.jpeg 141w, https:\/\/amf-paris.asso.fr\/wp-content\/uploads\/2021\/05\/Henriette-Viollet-1-39x60.jpeg 39w\" sizes=\"auto, (max-width: 141px) 100vw, 141px\" \/><\/figure>\n\n\n\n<p class=\"has-text-align-justify\">C\u2019est \u00e0 la fin du XIX\u00e8me si\u00e8cle que les petites soeurs de l\u2019Assomption \u201cinventent\u201d l\u2019id\u00e9e d\u2019aide \u00e0 domicile\u2026<\/p>\n\n\n\n<p class=\"has-text-align-justify\">En 1917, Madame Henriette VIOLLET (1872-1960) fonde l\u2019Association des surintendantes d\u2019usine pour veiller au bien-\u00eatre moral et mat\u00e9riel des femmes employ\u00e9es dans les usines d\u2019armement<\/p>\n\n\n\n<p class=\"has-text-align-justify\">En 1920, elle cr\u00e9e l\u2019<strong>Association Aide aux M\u00e8res de Familles<\/strong>&nbsp;<em>\u201cqui a pour but de seconder les m\u00e8res courageuses qui assument la t\u00e2che d\u2019\u00e9lever une nombreuse famille en leur procurant l\u2019aide effective de femmes d\u00e9vou\u00e9es, faisant avec elles ou \u00e0 leur place, si leur sant\u00e9 les en emp\u00eache, toutes les besognes que comportent un m\u00e9nage et le soin des enfants\u201d.<\/em><\/p>","protected":false},"excerpt":{"rendered":"<p>C\u2019est \u00e0 la fin du XIX\u00e8me si\u00e8cle que les petites soeurs de l\u2019Assomption \u201cinventent\u201d l\u2019id\u00e9e d\u2019aide \u00e0 domicile\u2026 En 1917, Madame Henriette VIOLLET (1872-1960) fonde l\u2019Association des surintendantes d\u2019usine pour veiller au bien-\u00eatre moral et mat\u00e9riel des femmes employ\u00e9es dans les usines d\u2019armement En 1920, elle cr\u00e9e l\u2019Association Aide aux M\u00e8res de Familles&nbsp;\u201cqui a pour but de seconder les m\u00e8res &hellip; <\/p>\n","protected":false},"author":1,"featured_media":0,"parent":0,"menu_order":0,"comment_status":"closed","ping_status":"closed","template":"","meta":{"footnotes":""},"class_list":["post-137","page","type-page","status-publish","hentry"],"builder_content":"","_links":{"self":[{"href":"https:\/\/amf-paris.asso.fr\/index.php\/wp-json\/wp\/v2\/pages\/137","targetHints":{"allow":["GET"]}}],"collection":[{"href":"https:\/\/amf-paris.asso.fr\/index.php\/wp-json\/wp\/v2\/pages"}],"about":[{"href":"https:\/\/amf-paris.asso.fr\/index.php\/wp-json\/wp\/v2\/types\/page"}],"author":[{"embeddable":true,"href":"https:\/\/amf-paris.asso.fr\/index.php\/wp-json\/wp\/v2\/users\/1"}],"replies":[{"embeddable":true,"href":"https:\/\/amf-paris.asso.fr\/index.php\/wp-json\/wp\/v2\/comments?post=137"}],"version-history":[{"count":4,"href":"https:\/\/amf-paris.asso.fr\/index.php\/wp-json\/wp\/v2\/pages\/137\/revisions"}],"predecessor-version":[{"id":348,"href":"https:\/\/amf-paris.asso.fr\/index.php\/wp-json\/wp\/v2\/pages\/137\/revisions\/348"}],"wp:attachment":[{"href":"https:\/\/amf-paris.asso.fr\/index.php\/wp-json\/wp\/v2\/media?parent=137"}],"curies":[{"name":"wp","href":"https:\/\/api.w.org\/{rel}","templated":true}]}}