{"id":119,"date":"2021-05-12T15:45:16","date_gmt":"2021-05-12T13:45:16","guid":{"rendered":"https:\/\/amf-paris.asso.fr\/?page_id=119"},"modified":"2025-11-07T14:06:49","modified_gmt":"2025-11-07T13:06:49","slug":"henriette-viollet","status":"publish","type":"page","link":"https:\/\/amf-paris.asso.fr\/index.php\/page-d-exemple\/henriette-viollet\/","title":{"rendered":"Henriette Viollet"},"content":{"rendered":"<!-- wp:themify-builder\/canvas \/-->\n\n\n<figure class=\"wp-block-image size-large is-style-rounded\"><img loading=\"lazy\" decoding=\"async\" width=\"141\" height=\"218\" src=\"https:\/\/amf-paris.asso.fr\/wp-content\/uploads\/2021\/05\/Henriette-Viollet.jpeg\" alt=\"\" class=\"wp-image-109\" srcset=\"https:\/\/amf-paris.asso.fr\/wp-content\/uploads\/2021\/05\/Henriette-Viollet.jpeg 141w, https:\/\/amf-paris.asso.fr\/wp-content\/uploads\/2021\/05\/Henriette-Viollet-39x60.jpeg 39w\" sizes=\"auto, (max-width: 141px) 100vw, 141px\" \/><\/figure>\n\n\n\n<p>C&rsquo;est \u00e0 la fin du XIX\u00e8me si\u00e8cle que les petites soeurs de l&rsquo;Assomption \u00ab\u00a0inventent\u00a0\u00bb l&rsquo;id\u00e9e d&rsquo;aide \u00e0 domicile&#8230;<\/p>\n\n\n\n<p>En 1917, Madame Henriette VIOLLET (1872-1960) fonde l&rsquo;Association des surintendantes d&rsquo;usine pour veiller au bien-\u00eatre moral et mat\u00e9riel des femmes employ\u00e9es dans les usines d&rsquo;armement<\/p>\n\n\n\n<p>En 1920, elle cr\u00e9e l&rsquo;<strong>Association Aide aux M\u00e8res de Familles<\/strong>&nbsp;<em>\u00ab\u00a0qui a pour but de seconder les m\u00e8res courageuses qui assument la t\u00e2che d&rsquo;\u00e9lever une nombreuse famille en leur procurant l&rsquo;aide effective de femmes d\u00e9vou\u00e9es, faisant avec elles ou \u00e0 leur place, si leur sant\u00e9 les en emp\u00eache, toutes les besognes que comportent un m\u00e9nage et le soin des enfants\u00a0\u00bb.<\/em><\/p>\n","protected":false},"excerpt":{"rendered":"<p>C&rsquo;est \u00e0 la fin du XIX\u00e8me si\u00e8cle que les petites soeurs de l&rsquo;Assomption \u00ab\u00a0inventent\u00a0\u00bb l&rsquo;id\u00e9e d&rsquo;aide \u00e0 domicile&#8230; En 1917, Madame Henriette VIOLLET (1872-1960) fonde l&rsquo;Association des surintendantes d&rsquo;usine pour veiller au bien-\u00eatre moral et mat\u00e9riel des femmes employ\u00e9es dans les usines d&rsquo;armement En 1920, elle cr\u00e9e l&rsquo;Association Aide aux M\u00e8res de Familles&nbsp;\u00ab\u00a0qui a pour but de seconder les m\u00e8res &hellip; <\/p>\n","protected":false},"author":1,"featured_media":0,"parent":2,"menu_order":0,"comment_status":"closed","ping_status":"closed","template":"","meta":{"footnotes":""},"class_list":["post-119","page","type-page","status-publish","hentry"],"builder_content":"","_links":{"self":[{"href":"https:\/\/amf-paris.asso.fr\/index.php\/wp-json\/wp\/v2\/pages\/119","targetHints":{"allow":["GET"]}}],"collection":[{"href":"https:\/\/amf-paris.asso.fr\/index.php\/wp-json\/wp\/v2\/pages"}],"about":[{"href":"https:\/\/amf-paris.asso.fr\/index.php\/wp-json\/wp\/v2\/types\/page"}],"author":[{"embeddable":true,"href":"https:\/\/amf-paris.asso.fr\/index.php\/wp-json\/wp\/v2\/users\/1"}],"replies":[{"embeddable":true,"href":"https:\/\/amf-paris.asso.fr\/index.php\/wp-json\/wp\/v2\/comments?post=119"}],"version-history":[{"count":4,"href":"https:\/\/amf-paris.asso.fr\/index.php\/wp-json\/wp\/v2\/pages\/119\/revisions"}],"predecessor-version":[{"id":395,"href":"https:\/\/amf-paris.asso.fr\/index.php\/wp-json\/wp\/v2\/pages\/119\/revisions\/395"}],"up":[{"embeddable":true,"href":"https:\/\/amf-paris.asso.fr\/index.php\/wp-json\/wp\/v2\/pages\/2"}],"wp:attachment":[{"href":"https:\/\/amf-paris.asso.fr\/index.php\/wp-json\/wp\/v2\/media?parent=119"}],"curies":[{"name":"wp","href":"https:\/\/api.w.org\/{rel}","templated":true}]}}